{"id":365,"date":"2026-02-17T15:07:56","date_gmt":"2026-02-17T15:07:56","guid":{"rendered":"https:\/\/www.c2limmo.fr\/index.php\/la-madeleine\/"},"modified":"2026-04-27T08:34:14","modified_gmt":"2026-04-27T08:34:14","slug":"la-madeleine","status":"publish","type":"page","link":"https:\/\/www.c2limmo.fr\/index.php\/la-madeleine\/","title":{"rendered":"La Madeleine"},"content":{"rendered":"\n\n\n\n\n<figure class=\"wp-block-gallery has-nested-images columns-default is-cropped wp-block-gallery-1 is-layout-flex wp-block-gallery-is-layout-flex\">\n<figure data-wp-context=\"{&quot;imageId&quot;:&quot;69f2da0fb06b8&quot;}\" data-wp-interactive=\"core\/image\" data-wp-key=\"69f2da0fb06b8\" class=\"wp-block-image size-large wp-lightbox-container\"><img loading=\"lazy\" decoding=\"async\" width=\"768\" height=\"1024\" data-wp-class--hide=\"state.isContentHidden\" data-wp-class--show=\"state.isContentVisible\" data-wp-init=\"callbacks.setButtonStyles\" data-wp-on--click=\"actions.showLightbox\" data-wp-on--load=\"callbacks.setButtonStyles\" data-wp-on-window--resize=\"callbacks.setButtonStyles\" data-id=\"734\" src=\"https:\/\/www.c2limmo.fr\/wp-content\/uploads\/2026\/02\/IMG_4778-768x1024.jpeg\" alt=\"\" class=\"wp-image-734\" srcset=\"https:\/\/www.c2limmo.fr\/wp-content\/uploads\/2026\/02\/IMG_4778-768x1024.jpeg 768w, https:\/\/www.c2limmo.fr\/wp-content\/uploads\/2026\/02\/IMG_4778-225x300.jpeg 225w, https:\/\/www.c2limmo.fr\/wp-content\/uploads\/2026\/02\/IMG_4778-1152x1536.jpeg 1152w, https:\/\/www.c2limmo.fr\/wp-content\/uploads\/2026\/02\/IMG_4778-1536x2048.jpeg 1536w, https:\/\/www.c2limmo.fr\/wp-content\/uploads\/2026\/02\/IMG_4778-810x1080.jpeg 810w, https:\/\/www.c2limmo.fr\/wp-content\/uploads\/2026\/02\/IMG_4778-scaled.jpeg 1920w\" sizes=\"(max-width: 768px) 100vw, 768px\" \/><button\n\t\t\tclass=\"lightbox-trigger\"\n\t\t\ttype=\"button\"\n\t\t\taria-haspopup=\"dialog\"\n\t\t\taria-label=\"Agrandir\"\n\t\t\tdata-wp-init=\"callbacks.initTriggerButton\"\n\t\t\tdata-wp-on--click=\"actions.showLightbox\"\n\t\t\tdata-wp-style--right=\"state.imageButtonRight\"\n\t\t\tdata-wp-style--top=\"state.imageButtonTop\"\n\t\t>\n\t\t\t<svg xmlns=\"http:\/\/www.w3.org\/2000\/svg\" width=\"12\" height=\"12\" fill=\"none\" viewBox=\"0 0 12 12\">\n\t\t\t\t<path fill=\"#fff\" d=\"M2 0a2 2 0 0 0-2 2v2h1.5V2a.5.5 0 0 1 .5-.5h2V0H2Zm2 10.5H2a.5.5 0 0 1-.5-.5V8H0v2a2 2 0 0 0 2 2h2v-1.5ZM8 12v-1.5h2a.5.5 0 0 0 .5-.5V8H12v2a2 2 0 0 1-2 2H8Zm2-12a2 2 0 0 1 2 2v2h-1.5V2a.5.5 0 0 0-.5-.5H8V0h2Z\" \/>\n\t\t\t<\/svg>\n\t\t<\/button><\/figure>\n\n\n\n<figure data-wp-context=\"{&quot;imageId&quot;:&quot;69f2da0fb0ae7&quot;}\" data-wp-interactive=\"core\/image\" data-wp-key=\"69f2da0fb0ae7\" class=\"wp-block-image size-large wp-lightbox-container\"><img loading=\"lazy\" decoding=\"async\" width=\"768\" height=\"1024\" data-wp-class--hide=\"state.isContentHidden\" data-wp-class--show=\"state.isContentVisible\" data-wp-init=\"callbacks.setButtonStyles\" data-wp-on--click=\"actions.showLightbox\" data-wp-on--load=\"callbacks.setButtonStyles\" data-wp-on-window--resize=\"callbacks.setButtonStyles\" data-id=\"739\" src=\"https:\/\/www.c2limmo.fr\/wp-content\/uploads\/2026\/02\/IMG_4779-1-768x1024.jpeg\" alt=\"\" class=\"wp-image-739\" srcset=\"https:\/\/www.c2limmo.fr\/wp-content\/uploads\/2026\/02\/IMG_4779-1-768x1024.jpeg 768w, https:\/\/www.c2limmo.fr\/wp-content\/uploads\/2026\/02\/IMG_4779-1-225x300.jpeg 225w, https:\/\/www.c2limmo.fr\/wp-content\/uploads\/2026\/02\/IMG_4779-1-1152x1536.jpeg 1152w, https:\/\/www.c2limmo.fr\/wp-content\/uploads\/2026\/02\/IMG_4779-1-1536x2048.jpeg 1536w, https:\/\/www.c2limmo.fr\/wp-content\/uploads\/2026\/02\/IMG_4779-1-810x1080.jpeg 810w, https:\/\/www.c2limmo.fr\/wp-content\/uploads\/2026\/02\/IMG_4779-1-scaled.jpeg 1920w\" sizes=\"(max-width: 768px) 100vw, 768px\" \/><button\n\t\t\tclass=\"lightbox-trigger\"\n\t\t\ttype=\"button\"\n\t\t\taria-haspopup=\"dialog\"\n\t\t\taria-label=\"Agrandir\"\n\t\t\tdata-wp-init=\"callbacks.initTriggerButton\"\n\t\t\tdata-wp-on--click=\"actions.showLightbox\"\n\t\t\tdata-wp-style--right=\"state.imageButtonRight\"\n\t\t\tdata-wp-style--top=\"state.imageButtonTop\"\n\t\t>\n\t\t\t<svg xmlns=\"http:\/\/www.w3.org\/2000\/svg\" width=\"12\" height=\"12\" fill=\"none\" viewBox=\"0 0 12 12\">\n\t\t\t\t<path fill=\"#fff\" d=\"M2 0a2 2 0 0 0-2 2v2h1.5V2a.5.5 0 0 1 .5-.5h2V0H2Zm2 10.5H2a.5.5 0 0 1-.5-.5V8H0v2a2 2 0 0 0 2 2h2v-1.5ZM8 12v-1.5h2a.5.5 0 0 0 .5-.5V8H12v2a2 2 0 0 1-2 2H8Zm2-12a2 2 0 0 1 2 2v2h-1.5V2a.5.5 0 0 0-.5-.5H8V0h2Z\" \/>\n\t\t\t<\/svg>\n\t\t<\/button><\/figure>\n\n\n\n<figure data-wp-context=\"{&quot;imageId&quot;:&quot;69f2da0fb0e4f&quot;}\" data-wp-interactive=\"core\/image\" data-wp-key=\"69f2da0fb0e4f\" class=\"wp-block-image size-large wp-lightbox-container\"><img loading=\"lazy\" decoding=\"async\" width=\"768\" height=\"1024\" data-wp-class--hide=\"state.isContentHidden\" data-wp-class--show=\"state.isContentVisible\" data-wp-init=\"callbacks.setButtonStyles\" data-wp-on--click=\"actions.showLightbox\" data-wp-on--load=\"callbacks.setButtonStyles\" data-wp-on-window--resize=\"callbacks.setButtonStyles\" data-id=\"741\" src=\"https:\/\/www.c2limmo.fr\/wp-content\/uploads\/2026\/02\/IMG_4781-1-768x1024.jpeg\" alt=\"\" class=\"wp-image-741\" srcset=\"https:\/\/www.c2limmo.fr\/wp-content\/uploads\/2026\/02\/IMG_4781-1-768x1024.jpeg 768w, https:\/\/www.c2limmo.fr\/wp-content\/uploads\/2026\/02\/IMG_4781-1-225x300.jpeg 225w, https:\/\/www.c2limmo.fr\/wp-content\/uploads\/2026\/02\/IMG_4781-1-1152x1536.jpeg 1152w, https:\/\/www.c2limmo.fr\/wp-content\/uploads\/2026\/02\/IMG_4781-1-1536x2048.jpeg 1536w, https:\/\/www.c2limmo.fr\/wp-content\/uploads\/2026\/02\/IMG_4781-1-810x1080.jpeg 810w, https:\/\/www.c2limmo.fr\/wp-content\/uploads\/2026\/02\/IMG_4781-1-scaled.jpeg 1920w\" sizes=\"(max-width: 768px) 100vw, 768px\" \/><button\n\t\t\tclass=\"lightbox-trigger\"\n\t\t\ttype=\"button\"\n\t\t\taria-haspopup=\"dialog\"\n\t\t\taria-label=\"Agrandir\"\n\t\t\tdata-wp-init=\"callbacks.initTriggerButton\"\n\t\t\tdata-wp-on--click=\"actions.showLightbox\"\n\t\t\tdata-wp-style--right=\"state.imageButtonRight\"\n\t\t\tdata-wp-style--top=\"state.imageButtonTop\"\n\t\t>\n\t\t\t<svg xmlns=\"http:\/\/www.w3.org\/2000\/svg\" width=\"12\" height=\"12\" fill=\"none\" viewBox=\"0 0 12 12\">\n\t\t\t\t<path fill=\"#fff\" d=\"M2 0a2 2 0 0 0-2 2v2h1.5V2a.5.5 0 0 1 .5-.5h2V0H2Zm2 10.5H2a.5.5 0 0 1-.5-.5V8H0v2a2 2 0 0 0 2 2h2v-1.5ZM8 12v-1.5h2a.5.5 0 0 0 .5-.5V8H12v2a2 2 0 0 1-2 2H8Zm2-12a2 2 0 0 1 2 2v2h-1.5V2a.5.5 0 0 0-.5-.5H8V0h2Z\" \/>\n\t\t\t<\/svg>\n\t\t<\/button><\/figure>\n\n\n\n<figure data-wp-context=\"{&quot;imageId&quot;:&quot;69f2da0fb11a2&quot;}\" data-wp-interactive=\"core\/image\" data-wp-key=\"69f2da0fb11a2\" class=\"wp-block-image size-large wp-lightbox-container\"><img loading=\"lazy\" decoding=\"async\" width=\"768\" height=\"1024\" data-wp-class--hide=\"state.isContentHidden\" data-wp-class--show=\"state.isContentVisible\" data-wp-init=\"callbacks.setButtonStyles\" data-wp-on--click=\"actions.showLightbox\" data-wp-on--load=\"callbacks.setButtonStyles\" data-wp-on-window--resize=\"callbacks.setButtonStyles\" data-id=\"740\" src=\"https:\/\/www.c2limmo.fr\/wp-content\/uploads\/2026\/02\/IMG_4780-2-768x1024.jpeg\" alt=\"\" class=\"wp-image-740\" srcset=\"https:\/\/www.c2limmo.fr\/wp-content\/uploads\/2026\/02\/IMG_4780-2-768x1024.jpeg 768w, https:\/\/www.c2limmo.fr\/wp-content\/uploads\/2026\/02\/IMG_4780-2-225x300.jpeg 225w, https:\/\/www.c2limmo.fr\/wp-content\/uploads\/2026\/02\/IMG_4780-2-1152x1536.jpeg 1152w, https:\/\/www.c2limmo.fr\/wp-content\/uploads\/2026\/02\/IMG_4780-2-1536x2048.jpeg 1536w, https:\/\/www.c2limmo.fr\/wp-content\/uploads\/2026\/02\/IMG_4780-2-810x1080.jpeg 810w, https:\/\/www.c2limmo.fr\/wp-content\/uploads\/2026\/02\/IMG_4780-2-scaled.jpeg 1920w\" sizes=\"(max-width: 768px) 100vw, 768px\" \/><button\n\t\t\tclass=\"lightbox-trigger\"\n\t\t\ttype=\"button\"\n\t\t\taria-haspopup=\"dialog\"\n\t\t\taria-label=\"Agrandir\"\n\t\t\tdata-wp-init=\"callbacks.initTriggerButton\"\n\t\t\tdata-wp-on--click=\"actions.showLightbox\"\n\t\t\tdata-wp-style--right=\"state.imageButtonRight\"\n\t\t\tdata-wp-style--top=\"state.imageButtonTop\"\n\t\t>\n\t\t\t<svg xmlns=\"http:\/\/www.w3.org\/2000\/svg\" width=\"12\" height=\"12\" fill=\"none\" viewBox=\"0 0 12 12\">\n\t\t\t\t<path fill=\"#fff\" d=\"M2 0a2 2 0 0 0-2 2v2h1.5V2a.5.5 0 0 1 .5-.5h2V0H2Zm2 10.5H2a.5.5 0 0 1-.5-.5V8H0v2a2 2 0 0 0 2 2h2v-1.5ZM8 12v-1.5h2a.5.5 0 0 0 .5-.5V8H12v2a2 2 0 0 1-2 2H8Zm2-12a2 2 0 0 1 2 2v2h-1.5V2a.5.5 0 0 0-.5-.5H8V0h2Z\" \/>\n\t\t\t<\/svg>\n\t\t<\/button><\/figure>\n\n\n\n<figure data-wp-context=\"{&quot;imageId&quot;:&quot;69f2da0fb1514&quot;}\" data-wp-interactive=\"core\/image\" data-wp-key=\"69f2da0fb1514\" class=\"wp-block-image size-large wp-lightbox-container\"><img loading=\"lazy\" decoding=\"async\" width=\"576\" height=\"1024\" data-wp-class--hide=\"state.isContentHidden\" data-wp-class--show=\"state.isContentVisible\" data-wp-init=\"callbacks.setButtonStyles\" data-wp-on--click=\"actions.showLightbox\" data-wp-on--load=\"callbacks.setButtonStyles\" data-wp-on-window--resize=\"callbacks.setButtonStyles\" data-id=\"650\" src=\"https:\/\/www.c2limmo.fr\/wp-content\/uploads\/2026\/02\/IMG_4788-scaled-1-576x1024.jpeg\" alt=\"\" class=\"wp-image-650\" srcset=\"https:\/\/www.c2limmo.fr\/wp-content\/uploads\/2026\/02\/IMG_4788-scaled-1-576x1024.jpeg 576w, https:\/\/www.c2limmo.fr\/wp-content\/uploads\/2026\/02\/IMG_4788-scaled-1-169x300.jpeg 169w, https:\/\/www.c2limmo.fr\/wp-content\/uploads\/2026\/02\/IMG_4788-scaled-1-768x1365.jpeg 768w, https:\/\/www.c2limmo.fr\/wp-content\/uploads\/2026\/02\/IMG_4788-scaled-1-864x1536.jpeg 864w, https:\/\/www.c2limmo.fr\/wp-content\/uploads\/2026\/02\/IMG_4788-scaled-1-1152x2048.jpeg 1152w, https:\/\/www.c2limmo.fr\/wp-content\/uploads\/2026\/02\/IMG_4788-scaled-1-608x1080.jpeg 608w, https:\/\/www.c2limmo.fr\/wp-content\/uploads\/2026\/02\/IMG_4788-scaled-1.jpeg 1440w\" sizes=\"(max-width: 576px) 100vw, 576px\" \/><button\n\t\t\tclass=\"lightbox-trigger\"\n\t\t\ttype=\"button\"\n\t\t\taria-haspopup=\"dialog\"\n\t\t\taria-label=\"Agrandir\"\n\t\t\tdata-wp-init=\"callbacks.initTriggerButton\"\n\t\t\tdata-wp-on--click=\"actions.showLightbox\"\n\t\t\tdata-wp-style--right=\"state.imageButtonRight\"\n\t\t\tdata-wp-style--top=\"state.imageButtonTop\"\n\t\t>\n\t\t\t<svg xmlns=\"http:\/\/www.w3.org\/2000\/svg\" width=\"12\" height=\"12\" fill=\"none\" viewBox=\"0 0 12 12\">\n\t\t\t\t<path fill=\"#fff\" d=\"M2 0a2 2 0 0 0-2 2v2h1.5V2a.5.5 0 0 1 .5-.5h2V0H2Zm2 10.5H2a.5.5 0 0 1-.5-.5V8H0v2a2 2 0 0 0 2 2h2v-1.5ZM8 12v-1.5h2a.5.5 0 0 0 .5-.5V8H12v2a2 2 0 0 1-2 2H8Zm2-12a2 2 0 0 1 2 2v2h-1.5V2a.5.5 0 0 0-.5-.5H8V0h2Z\" \/>\n\t\t\t<\/svg>\n\t\t<\/button><\/figure>\n\n\n\n<figure data-wp-context=\"{&quot;imageId&quot;:&quot;69f2da0fb1872&quot;}\" data-wp-interactive=\"core\/image\" data-wp-key=\"69f2da0fb1872\" class=\"wp-block-image size-large wp-lightbox-container\"><img loading=\"lazy\" decoding=\"async\" width=\"576\" height=\"1024\" data-wp-class--hide=\"state.isContentHidden\" data-wp-class--show=\"state.isContentVisible\" data-wp-init=\"callbacks.setButtonStyles\" data-wp-on--click=\"actions.showLightbox\" data-wp-on--load=\"callbacks.setButtonStyles\" data-wp-on-window--resize=\"callbacks.setButtonStyles\" data-id=\"620\" src=\"https:\/\/www.c2limmo.fr\/wp-content\/uploads\/2026\/02\/IMG_4785-576x1024.jpeg\" alt=\"\" class=\"wp-image-620\" srcset=\"https:\/\/www.c2limmo.fr\/wp-content\/uploads\/2026\/02\/IMG_4785-576x1024.jpeg 576w, https:\/\/www.c2limmo.fr\/wp-content\/uploads\/2026\/02\/IMG_4785-169x300.jpeg 169w, https:\/\/www.c2limmo.fr\/wp-content\/uploads\/2026\/02\/IMG_4785-768x1365.jpeg 768w, https:\/\/www.c2limmo.fr\/wp-content\/uploads\/2026\/02\/IMG_4785-864x1536.jpeg 864w, https:\/\/www.c2limmo.fr\/wp-content\/uploads\/2026\/02\/IMG_4785-1152x2048.jpeg 1152w, https:\/\/www.c2limmo.fr\/wp-content\/uploads\/2026\/02\/IMG_4785-608x1080.jpeg 608w, https:\/\/www.c2limmo.fr\/wp-content\/uploads\/2026\/02\/IMG_4785-scaled.jpeg 1440w\" sizes=\"(max-width: 576px) 100vw, 576px\" \/><button\n\t\t\tclass=\"lightbox-trigger\"\n\t\t\ttype=\"button\"\n\t\t\taria-haspopup=\"dialog\"\n\t\t\taria-label=\"Agrandir\"\n\t\t\tdata-wp-init=\"callbacks.initTriggerButton\"\n\t\t\tdata-wp-on--click=\"actions.showLightbox\"\n\t\t\tdata-wp-style--right=\"state.imageButtonRight\"\n\t\t\tdata-wp-style--top=\"state.imageButtonTop\"\n\t\t>\n\t\t\t<svg xmlns=\"http:\/\/www.w3.org\/2000\/svg\" width=\"12\" height=\"12\" fill=\"none\" viewBox=\"0 0 12 12\">\n\t\t\t\t<path fill=\"#fff\" d=\"M2 0a2 2 0 0 0-2 2v2h1.5V2a.5.5 0 0 1 .5-.5h2V0H2Zm2 10.5H2a.5.5 0 0 1-.5-.5V8H0v2a2 2 0 0 0 2 2h2v-1.5ZM8 12v-1.5h2a.5.5 0 0 0 .5-.5V8H12v2a2 2 0 0 1-2 2H8Zm2-12a2 2 0 0 1 2 2v2h-1.5V2a.5.5 0 0 0-.5-.5H8V0h2Z\" \/>\n\t\t\t<\/svg>\n\t\t<\/button><\/figure>\n\n\n\n<figure data-wp-context=\"{&quot;imageId&quot;:&quot;69f2da0fb1ba1&quot;}\" data-wp-interactive=\"core\/image\" data-wp-key=\"69f2da0fb1ba1\" class=\"wp-block-image size-large wp-lightbox-container\"><img loading=\"lazy\" decoding=\"async\" width=\"1024\" height=\"683\" data-wp-class--hide=\"state.isContentHidden\" data-wp-class--show=\"state.isContentVisible\" data-wp-init=\"callbacks.setButtonStyles\" data-wp-on--click=\"actions.showLightbox\" data-wp-on--load=\"callbacks.setButtonStyles\" data-wp-on-window--resize=\"callbacks.setButtonStyles\" data-id=\"619\" src=\"https:\/\/www.c2limmo.fr\/wp-content\/uploads\/2026\/02\/IMG_2468-1-1024x683.jpeg\" alt=\"\" class=\"wp-image-619\" srcset=\"https:\/\/www.c2limmo.fr\/wp-content\/uploads\/2026\/02\/IMG_2468-1-1024x683.jpeg 1024w, https:\/\/www.c2limmo.fr\/wp-content\/uploads\/2026\/02\/IMG_2468-1-300x200.jpeg 300w, https:\/\/www.c2limmo.fr\/wp-content\/uploads\/2026\/02\/IMG_2468-1-768x512.jpeg 768w, https:\/\/www.c2limmo.fr\/wp-content\/uploads\/2026\/02\/IMG_2468-1-1536x1024.jpeg 1536w, https:\/\/www.c2limmo.fr\/wp-content\/uploads\/2026\/02\/IMG_2468-1-2048x1365.jpeg 2048w, https:\/\/www.c2limmo.fr\/wp-content\/uploads\/2026\/02\/IMG_2468-1-1620x1080.jpeg 1620w\" sizes=\"(max-width: 1024px) 100vw, 1024px\" \/><button\n\t\t\tclass=\"lightbox-trigger\"\n\t\t\ttype=\"button\"\n\t\t\taria-haspopup=\"dialog\"\n\t\t\taria-label=\"Agrandir\"\n\t\t\tdata-wp-init=\"callbacks.initTriggerButton\"\n\t\t\tdata-wp-on--click=\"actions.showLightbox\"\n\t\t\tdata-wp-style--right=\"state.imageButtonRight\"\n\t\t\tdata-wp-style--top=\"state.imageButtonTop\"\n\t\t>\n\t\t\t<svg xmlns=\"http:\/\/www.w3.org\/2000\/svg\" width=\"12\" height=\"12\" fill=\"none\" viewBox=\"0 0 12 12\">\n\t\t\t\t<path fill=\"#fff\" d=\"M2 0a2 2 0 0 0-2 2v2h1.5V2a.5.5 0 0 1 .5-.5h2V0H2Zm2 10.5H2a.5.5 0 0 1-.5-.5V8H0v2a2 2 0 0 0 2 2h2v-1.5ZM8 12v-1.5h2a.5.5 0 0 0 .5-.5V8H12v2a2 2 0 0 1-2 2H8Zm2-12a2 2 0 0 1 2 2v2h-1.5V2a.5.5 0 0 0-.5-.5H8V0h2Z\" \/>\n\t\t\t<\/svg>\n\t\t<\/button><\/figure>\n<\/figure>\n","protected":false},"excerpt":{"rendered":"","protected":false},"author":1,"featured_media":0,"parent":0,"menu_order":0,"comment_status":"closed","ping_status":"closed","template":"full-width","meta":{"saved_in_kubio":true,"footnotes":""},"class_list":["post-365","page","type-page","status-publish","hentry"],"kubio_ai_page_context":{"short_desc":"Cette page est d\u00e9di\u00e9e \u00e0 mettre en avant les principales fonctionnalit\u00e9s et caract\u00e9ristiques de nos produits ou services. Mettez en avant les aspects uniques qui distinguent nos offres et apportent de la valeur aux clients.","purpose":"features","isFrontPage":false},"yoast_head":"<!-- This site is optimized with the Yoast SEO plugin v27.4 - https:\/\/yoast.com\/product\/yoast-seo-wordpress\/ -->\n<title>Chambre La Madeleine proche Cattenom \u2013 Basse-Ham<\/title>\n<meta name=\"description\" content=\"Chambre La Madelein proche Cattenom \u00e0 Basse-Ham. Lit 160x200, wifi, Smart TV, bureau, parking et linge inclus.\" \/>\n<meta name=\"robots\" content=\"index, follow, max-snippet:-1, max-image-preview:large, max-video-preview:-1\" \/>\n<link rel=\"canonical\" href=\"https:\/\/www.c2limmo.fr\/index.php\/la-madeleine\/\" \/>\n<meta property=\"og:locale\" content=\"fr_FR\" \/>\n<meta property=\"og:type\" content=\"article\" \/>\n<meta property=\"og:title\" content=\"Chambre La Madeleine proche Cattenom \u2013 Basse-Ham\" \/>\n<meta property=\"og:description\" content=\"Chambre La Madelein proche Cattenom \u00e0 Basse-Ham. Lit 160x200, wifi, Smart TV, bureau, parking et linge inclus.\" \/>\n<meta property=\"og:url\" content=\"https:\/\/www.c2limmo.fr\/index.php\/la-madeleine\/\" \/>\n<meta property=\"og:site_name\" content=\"Le Petit Chez Soi\" \/>\n<meta property=\"article:publisher\" content=\"https:\/\/www.facebook.com\/profile.php?id=61587694237131\" \/>\n<meta property=\"article:modified_time\" content=\"2026-04-27T08:34:14+00:00\" \/>\n<meta property=\"og:image\" content=\"https:\/\/www.c2limmo.fr\/wp-content\/uploads\/2026\/02\/IMG_4778-768x1024.jpeg\" \/>\n<meta name=\"twitter:card\" content=\"summary_large_image\" \/>\n<script type=\"application\/ld+json\" class=\"yoast-schema-graph\">{\"@context\":\"https:\\\/\\\/schema.org\",\"@graph\":[{\"@type\":\"WebPage\",\"@id\":\"https:\\\/\\\/www.c2limmo.fr\\\/index.php\\\/la-madeleine\\\/\",\"url\":\"https:\\\/\\\/www.c2limmo.fr\\\/index.php\\\/la-madeleine\\\/\",\"name\":\"Chambre La Madeleine proche Cattenom \u2013 Basse-Ham\",\"isPartOf\":{\"@id\":\"https:\\\/\\\/www.c2limmo.fr\\\/#website\"},\"primaryImageOfPage\":{\"@id\":\"https:\\\/\\\/www.c2limmo.fr\\\/index.php\\\/la-madeleine\\\/#primaryimage\"},\"image\":{\"@id\":\"https:\\\/\\\/www.c2limmo.fr\\\/index.php\\\/la-madeleine\\\/#primaryimage\"},\"thumbnailUrl\":\"https:\\\/\\\/www.c2limmo.fr\\\/wp-content\\\/uploads\\\/2026\\\/02\\\/IMG_4778-768x1024.jpeg\",\"datePublished\":\"2026-02-17T15:07:56+00:00\",\"dateModified\":\"2026-04-27T08:34:14+00:00\",\"description\":\"Chambre La Madelein proche Cattenom \u00e0 Basse-Ham. Lit 160x200, wifi, Smart TV, bureau, parking et linge inclus.\",\"breadcrumb\":{\"@id\":\"https:\\\/\\\/www.c2limmo.fr\\\/index.php\\\/la-madeleine\\\/#breadcrumb\"},\"inLanguage\":\"fr-FR\",\"potentialAction\":[{\"@type\":\"ReadAction\",\"target\":[\"https:\\\/\\\/www.c2limmo.fr\\\/index.php\\\/la-madeleine\\\/\"]}]},{\"@type\":\"ImageObject\",\"inLanguage\":\"fr-FR\",\"@id\":\"https:\\\/\\\/www.c2limmo.fr\\\/index.php\\\/la-madeleine\\\/#primaryimage\",\"url\":\"https:\\\/\\\/www.c2limmo.fr\\\/wp-content\\\/uploads\\\/2026\\\/02\\\/IMG_4778-scaled.jpeg\",\"contentUrl\":\"https:\\\/\\\/www.c2limmo.fr\\\/wp-content\\\/uploads\\\/2026\\\/02\\\/IMG_4778-scaled.jpeg\",\"width\":1920,\"height\":2560},{\"@type\":\"BreadcrumbList\",\"@id\":\"https:\\\/\\\/www.c2limmo.fr\\\/index.php\\\/la-madeleine\\\/#breadcrumb\",\"itemListElement\":[{\"@type\":\"ListItem\",\"position\":1,\"name\":\"Accueil\",\"item\":\"https:\\\/\\\/www.c2limmo.fr\\\/\"},{\"@type\":\"ListItem\",\"position\":2,\"name\":\"La Madeleine\"}]},{\"@type\":\"WebSite\",\"@id\":\"https:\\\/\\\/www.c2limmo.fr\\\/#website\",\"url\":\"https:\\\/\\\/www.c2limmo.fr\\\/\",\"name\":\"Le Petit Chez Soi\",\"description\":\"Bienvenue dans votre nouveau chez-vous !\",\"publisher\":{\"@id\":\"https:\\\/\\\/www.c2limmo.fr\\\/#organization\"},\"potentialAction\":[{\"@type\":\"SearchAction\",\"target\":{\"@type\":\"EntryPoint\",\"urlTemplate\":\"https:\\\/\\\/www.c2limmo.fr\\\/?s={search_term_string}\"},\"query-input\":{\"@type\":\"PropertyValueSpecification\",\"valueRequired\":true,\"valueName\":\"search_term_string\"}}],\"inLanguage\":\"fr-FR\"},{\"@type\":\"Organization\",\"@id\":\"https:\\\/\\\/www.c2limmo.fr\\\/#organization\",\"name\":\"Le Petit Chez Soi\",\"url\":\"https:\\\/\\\/www.c2limmo.fr\\\/\",\"logo\":{\"@type\":\"ImageObject\",\"inLanguage\":\"fr-FR\",\"@id\":\"https:\\\/\\\/www.c2limmo.fr\\\/#\\\/schema\\\/logo\\\/image\\\/\",\"url\":\"https:\\\/\\\/www.c2limmo.fr\\\/wp-content\\\/uploads\\\/2026\\\/02\\\/logo-LPCS.jpg\",\"contentUrl\":\"https:\\\/\\\/www.c2limmo.fr\\\/wp-content\\\/uploads\\\/2026\\\/02\\\/logo-LPCS.jpg\",\"width\":948,\"height\":943,\"caption\":\"Le Petit Chez Soi\"},\"image\":{\"@id\":\"https:\\\/\\\/www.c2limmo.fr\\\/#\\\/schema\\\/logo\\\/image\\\/\"},\"sameAs\":[\"https:\\\/\\\/www.facebook.com\\\/profile.php?id=61587694237131\"]}]}<\/script>\n<!-- \/ Yoast SEO plugin. -->","yoast_head_json":{"title":"Chambre La Madeleine proche Cattenom \u2013 Basse-Ham","description":"Chambre La Madelein proche Cattenom \u00e0 Basse-Ham. Lit 160x200, wifi, Smart TV, bureau, parking et linge inclus.","robots":{"index":"index","follow":"follow","max-snippet":"max-snippet:-1","max-image-preview":"max-image-preview:large","max-video-preview":"max-video-preview:-1"},"canonical":"https:\/\/www.c2limmo.fr\/index.php\/la-madeleine\/","og_locale":"fr_FR","og_type":"article","og_title":"Chambre La Madeleine proche Cattenom \u2013 Basse-Ham","og_description":"Chambre La Madelein proche Cattenom \u00e0 Basse-Ham. Lit 160x200, wifi, Smart TV, bureau, parking et linge inclus.","og_url":"https:\/\/www.c2limmo.fr\/index.php\/la-madeleine\/","og_site_name":"Le Petit Chez Soi","article_publisher":"https:\/\/www.facebook.com\/profile.php?id=61587694237131","article_modified_time":"2026-04-27T08:34:14+00:00","og_image":[{"url":"https:\/\/www.c2limmo.fr\/wp-content\/uploads\/2026\/02\/IMG_4778-768x1024.jpeg","type":"","width":"","height":""}],"twitter_card":"summary_large_image","schema":{"@context":"https:\/\/schema.org","@graph":[{"@type":"WebPage","@id":"https:\/\/www.c2limmo.fr\/index.php\/la-madeleine\/","url":"https:\/\/www.c2limmo.fr\/index.php\/la-madeleine\/","name":"Chambre La Madeleine proche Cattenom \u2013 Basse-Ham","isPartOf":{"@id":"https:\/\/www.c2limmo.fr\/#website"},"primaryImageOfPage":{"@id":"https:\/\/www.c2limmo.fr\/index.php\/la-madeleine\/#primaryimage"},"image":{"@id":"https:\/\/www.c2limmo.fr\/index.php\/la-madeleine\/#primaryimage"},"thumbnailUrl":"https:\/\/www.c2limmo.fr\/wp-content\/uploads\/2026\/02\/IMG_4778-768x1024.jpeg","datePublished":"2026-02-17T15:07:56+00:00","dateModified":"2026-04-27T08:34:14+00:00","description":"Chambre La Madelein proche Cattenom \u00e0 Basse-Ham. Lit 160x200, wifi, Smart TV, bureau, parking et linge inclus.","breadcrumb":{"@id":"https:\/\/www.c2limmo.fr\/index.php\/la-madeleine\/#breadcrumb"},"inLanguage":"fr-FR","potentialAction":[{"@type":"ReadAction","target":["https:\/\/www.c2limmo.fr\/index.php\/la-madeleine\/"]}]},{"@type":"ImageObject","inLanguage":"fr-FR","@id":"https:\/\/www.c2limmo.fr\/index.php\/la-madeleine\/#primaryimage","url":"https:\/\/www.c2limmo.fr\/wp-content\/uploads\/2026\/02\/IMG_4778-scaled.jpeg","contentUrl":"https:\/\/www.c2limmo.fr\/wp-content\/uploads\/2026\/02\/IMG_4778-scaled.jpeg","width":1920,"height":2560},{"@type":"BreadcrumbList","@id":"https:\/\/www.c2limmo.fr\/index.php\/la-madeleine\/#breadcrumb","itemListElement":[{"@type":"ListItem","position":1,"name":"Accueil","item":"https:\/\/www.c2limmo.fr\/"},{"@type":"ListItem","position":2,"name":"La Madeleine"}]},{"@type":"WebSite","@id":"https:\/\/www.c2limmo.fr\/#website","url":"https:\/\/www.c2limmo.fr\/","name":"Le Petit Chez Soi","description":"Bienvenue dans votre nouveau chez-vous !","publisher":{"@id":"https:\/\/www.c2limmo.fr\/#organization"},"potentialAction":[{"@type":"SearchAction","target":{"@type":"EntryPoint","urlTemplate":"https:\/\/www.c2limmo.fr\/?s={search_term_string}"},"query-input":{"@type":"PropertyValueSpecification","valueRequired":true,"valueName":"search_term_string"}}],"inLanguage":"fr-FR"},{"@type":"Organization","@id":"https:\/\/www.c2limmo.fr\/#organization","name":"Le Petit Chez Soi","url":"https:\/\/www.c2limmo.fr\/","logo":{"@type":"ImageObject","inLanguage":"fr-FR","@id":"https:\/\/www.c2limmo.fr\/#\/schema\/logo\/image\/","url":"https:\/\/www.c2limmo.fr\/wp-content\/uploads\/2026\/02\/logo-LPCS.jpg","contentUrl":"https:\/\/www.c2limmo.fr\/wp-content\/uploads\/2026\/02\/logo-LPCS.jpg","width":948,"height":943,"caption":"Le Petit Chez Soi"},"image":{"@id":"https:\/\/www.c2limmo.fr\/#\/schema\/logo\/image\/"},"sameAs":["https:\/\/www.facebook.com\/profile.php?id=61587694237131"]}]}},"_links":{"self":[{"href":"https:\/\/www.c2limmo.fr\/index.php\/wp-json\/wp\/v2\/pages\/365","targetHints":{"allow":["GET"]}}],"collection":[{"href":"https:\/\/www.c2limmo.fr\/index.php\/wp-json\/wp\/v2\/pages"}],"about":[{"href":"https:\/\/www.c2limmo.fr\/index.php\/wp-json\/wp\/v2\/types\/page"}],"author":[{"embeddable":true,"href":"https:\/\/www.c2limmo.fr\/index.php\/wp-json\/wp\/v2\/users\/1"}],"replies":[{"embeddable":true,"href":"https:\/\/www.c2limmo.fr\/index.php\/wp-json\/wp\/v2\/comments?post=365"}],"version-history":[{"count":12,"href":"https:\/\/www.c2limmo.fr\/index.php\/wp-json\/wp\/v2\/pages\/365\/revisions"}],"predecessor-version":[{"id":847,"href":"https:\/\/www.c2limmo.fr\/index.php\/wp-json\/wp\/v2\/pages\/365\/revisions\/847"}],"wp:attachment":[{"href":"https:\/\/www.c2limmo.fr\/index.php\/wp-json\/wp\/v2\/media?parent=365"}],"curies":[{"name":"wp","href":"https:\/\/api.w.org\/{rel}","templated":true}]}}