{"id":520,"date":"2026-02-17T16:52:08","date_gmt":"2026-02-17T16:52:08","guid":{"rendered":"https:\/\/www.c2limmo.fr\/index.php\/listes-des-equipements\/"},"modified":"2026-04-27T08:39:33","modified_gmt":"2026-04-27T08:39:33","slug":"listes-des-equipements","status":"publish","type":"page","link":"https:\/\/www.c2limmo.fr\/index.php\/listes-des-equipements\/","title":{"rendered":"Listes des \u00e9quipements"},"content":{"rendered":"","protected":false},"excerpt":{"rendered":"","protected":false},"author":1,"featured_media":0,"parent":0,"menu_order":0,"comment_status":"closed","ping_status":"closed","template":"home-page.php","meta":{"saved_in_kubio":true,"footnotes":""},"class_list":["post-520","page","type-page","status-publish","hentry"],"kubio_ai_page_context":{"short_desc":"","purpose":"general"},"yoast_head":"<!-- This site is optimized with the Yoast SEO plugin v27.4 - https:\/\/yoast.com\/product\/yoast-seo-wordpress\/ -->\n<title>\u00c9quipements et confort \u00e0 Basse-Ham proche Cattenom<\/title>\n<meta name=\"description\" content=\"D\u00e9couvrez les \u00e9quipements : wifi, Smart TV, cuisine \u00e9quip\u00e9e, parking, linge et tout le confort pour travailleurs EDF.\" \/>\n<meta name=\"robots\" content=\"index, follow, max-snippet:-1, max-image-preview:large, max-video-preview:-1\" \/>\n<link rel=\"canonical\" href=\"http:\/\/www.c2limmo.fr\/index.php\/listes-des-equipements\/\" \/>\n<meta property=\"og:locale\" content=\"fr_FR\" \/>\n<meta property=\"og:type\" content=\"article\" \/>\n<meta property=\"og:title\" content=\"\u00c9quipements et confort \u00e0 Basse-Ham proche Cattenom\" \/>\n<meta property=\"og:description\" content=\"D\u00e9couvrez les \u00e9quipements : wifi, Smart TV, cuisine \u00e9quip\u00e9e, parking, linge et tout le confort pour travailleurs EDF.\" \/>\n<meta property=\"og:url\" content=\"http:\/\/www.c2limmo.fr\/index.php\/listes-des-equipements\/\" \/>\n<meta property=\"og:site_name\" content=\"Le Petit Chez Soi\" \/>\n<meta property=\"article:publisher\" content=\"https:\/\/www.facebook.com\/profile.php?id=61587694237131\" \/>\n<meta property=\"article:modified_time\" content=\"2026-04-27T08:39:33+00:00\" \/>\n<meta name=\"twitter:card\" content=\"summary_large_image\" \/>\n<script type=\"application\/ld+json\" class=\"yoast-schema-graph\">{\"@context\":\"https:\\\/\\\/schema.org\",\"@graph\":[{\"@type\":\"WebPage\",\"@id\":\"http:\\\/\\\/www.c2limmo.fr\\\/index.php\\\/listes-des-equipements\\\/\",\"url\":\"http:\\\/\\\/www.c2limmo.fr\\\/index.php\\\/listes-des-equipements\\\/\",\"name\":\"\u00c9quipements et confort \u00e0 Basse-Ham proche Cattenom\",\"isPartOf\":{\"@id\":\"https:\\\/\\\/www.c2limmo.fr\\\/#website\"},\"datePublished\":\"2026-02-17T16:52:08+00:00\",\"dateModified\":\"2026-04-27T08:39:33+00:00\",\"description\":\"D\u00e9couvrez les \u00e9quipements : wifi, Smart TV, cuisine \u00e9quip\u00e9e, parking, linge et tout le confort pour travailleurs EDF.\",\"breadcrumb\":{\"@id\":\"http:\\\/\\\/www.c2limmo.fr\\\/index.php\\\/listes-des-equipements\\\/#breadcrumb\"},\"inLanguage\":\"fr-FR\",\"potentialAction\":[{\"@type\":\"ReadAction\",\"target\":[\"http:\\\/\\\/www.c2limmo.fr\\\/index.php\\\/listes-des-equipements\\\/\"]}]},{\"@type\":\"BreadcrumbList\",\"@id\":\"http:\\\/\\\/www.c2limmo.fr\\\/index.php\\\/listes-des-equipements\\\/#breadcrumb\",\"itemListElement\":[{\"@type\":\"ListItem\",\"position\":1,\"name\":\"Accueil\",\"item\":\"https:\\\/\\\/www.c2limmo.fr\\\/\"},{\"@type\":\"ListItem\",\"position\":2,\"name\":\"Listes des \u00e9quipements\"}]},{\"@type\":\"WebSite\",\"@id\":\"https:\\\/\\\/www.c2limmo.fr\\\/#website\",\"url\":\"https:\\\/\\\/www.c2limmo.fr\\\/\",\"name\":\"Le Petit Chez Soi\",\"description\":\"Bienvenue dans votre nouveau chez-vous !\",\"publisher\":{\"@id\":\"https:\\\/\\\/www.c2limmo.fr\\\/#organization\"},\"potentialAction\":[{\"@type\":\"SearchAction\",\"target\":{\"@type\":\"EntryPoint\",\"urlTemplate\":\"https:\\\/\\\/www.c2limmo.fr\\\/?s={search_term_string}\"},\"query-input\":{\"@type\":\"PropertyValueSpecification\",\"valueRequired\":true,\"valueName\":\"search_term_string\"}}],\"inLanguage\":\"fr-FR\"},{\"@type\":\"Organization\",\"@id\":\"https:\\\/\\\/www.c2limmo.fr\\\/#organization\",\"name\":\"Le Petit Chez Soi\",\"url\":\"https:\\\/\\\/www.c2limmo.fr\\\/\",\"logo\":{\"@type\":\"ImageObject\",\"inLanguage\":\"fr-FR\",\"@id\":\"https:\\\/\\\/www.c2limmo.fr\\\/#\\\/schema\\\/logo\\\/image\\\/\",\"url\":\"https:\\\/\\\/www.c2limmo.fr\\\/wp-content\\\/uploads\\\/2026\\\/02\\\/logo-LPCS.jpg\",\"contentUrl\":\"https:\\\/\\\/www.c2limmo.fr\\\/wp-content\\\/uploads\\\/2026\\\/02\\\/logo-LPCS.jpg\",\"width\":948,\"height\":943,\"caption\":\"Le Petit Chez Soi\"},\"image\":{\"@id\":\"https:\\\/\\\/www.c2limmo.fr\\\/#\\\/schema\\\/logo\\\/image\\\/\"},\"sameAs\":[\"https:\\\/\\\/www.facebook.com\\\/profile.php?id=61587694237131\"]}]}<\/script>\n<!-- \/ Yoast SEO plugin. -->","yoast_head_json":{"title":"\u00c9quipements et confort \u00e0 Basse-Ham proche Cattenom","description":"D\u00e9couvrez les \u00e9quipements : wifi, Smart TV, cuisine \u00e9quip\u00e9e, parking, linge et tout le confort pour travailleurs EDF.","robots":{"index":"index","follow":"follow","max-snippet":"max-snippet:-1","max-image-preview":"max-image-preview:large","max-video-preview":"max-video-preview:-1"},"canonical":"http:\/\/www.c2limmo.fr\/index.php\/listes-des-equipements\/","og_locale":"fr_FR","og_type":"article","og_title":"\u00c9quipements et confort \u00e0 Basse-Ham proche Cattenom","og_description":"D\u00e9couvrez les \u00e9quipements : wifi, Smart TV, cuisine \u00e9quip\u00e9e, parking, linge et tout le confort pour travailleurs EDF.","og_url":"http:\/\/www.c2limmo.fr\/index.php\/listes-des-equipements\/","og_site_name":"Le Petit Chez Soi","article_publisher":"https:\/\/www.facebook.com\/profile.php?id=61587694237131","article_modified_time":"2026-04-27T08:39:33+00:00","twitter_card":"summary_large_image","schema":{"@context":"https:\/\/schema.org","@graph":[{"@type":"WebPage","@id":"http:\/\/www.c2limmo.fr\/index.php\/listes-des-equipements\/","url":"http:\/\/www.c2limmo.fr\/index.php\/listes-des-equipements\/","name":"\u00c9quipements et confort \u00e0 Basse-Ham proche Cattenom","isPartOf":{"@id":"https:\/\/www.c2limmo.fr\/#website"},"datePublished":"2026-02-17T16:52:08+00:00","dateModified":"2026-04-27T08:39:33+00:00","description":"D\u00e9couvrez les \u00e9quipements : wifi, Smart TV, cuisine \u00e9quip\u00e9e, parking, linge et tout le confort pour travailleurs EDF.","breadcrumb":{"@id":"http:\/\/www.c2limmo.fr\/index.php\/listes-des-equipements\/#breadcrumb"},"inLanguage":"fr-FR","potentialAction":[{"@type":"ReadAction","target":["http:\/\/www.c2limmo.fr\/index.php\/listes-des-equipements\/"]}]},{"@type":"BreadcrumbList","@id":"http:\/\/www.c2limmo.fr\/index.php\/listes-des-equipements\/#breadcrumb","itemListElement":[{"@type":"ListItem","position":1,"name":"Accueil","item":"https:\/\/www.c2limmo.fr\/"},{"@type":"ListItem","position":2,"name":"Listes des \u00e9quipements"}]},{"@type":"WebSite","@id":"https:\/\/www.c2limmo.fr\/#website","url":"https:\/\/www.c2limmo.fr\/","name":"Le Petit Chez Soi","description":"Bienvenue dans votre nouveau chez-vous !","publisher":{"@id":"https:\/\/www.c2limmo.fr\/#organization"},"potentialAction":[{"@type":"SearchAction","target":{"@type":"EntryPoint","urlTemplate":"https:\/\/www.c2limmo.fr\/?s={search_term_string}"},"query-input":{"@type":"PropertyValueSpecification","valueRequired":true,"valueName":"search_term_string"}}],"inLanguage":"fr-FR"},{"@type":"Organization","@id":"https:\/\/www.c2limmo.fr\/#organization","name":"Le Petit Chez Soi","url":"https:\/\/www.c2limmo.fr\/","logo":{"@type":"ImageObject","inLanguage":"fr-FR","@id":"https:\/\/www.c2limmo.fr\/#\/schema\/logo\/image\/","url":"https:\/\/www.c2limmo.fr\/wp-content\/uploads\/2026\/02\/logo-LPCS.jpg","contentUrl":"https:\/\/www.c2limmo.fr\/wp-content\/uploads\/2026\/02\/logo-LPCS.jpg","width":948,"height":943,"caption":"Le Petit Chez Soi"},"image":{"@id":"https:\/\/www.c2limmo.fr\/#\/schema\/logo\/image\/"},"sameAs":["https:\/\/www.facebook.com\/profile.php?id=61587694237131"]}]}},"_links":{"self":[{"href":"https:\/\/www.c2limmo.fr\/index.php\/wp-json\/wp\/v2\/pages\/520","targetHints":{"allow":["GET"]}}],"collection":[{"href":"https:\/\/www.c2limmo.fr\/index.php\/wp-json\/wp\/v2\/pages"}],"about":[{"href":"https:\/\/www.c2limmo.fr\/index.php\/wp-json\/wp\/v2\/types\/page"}],"author":[{"embeddable":true,"href":"https:\/\/www.c2limmo.fr\/index.php\/wp-json\/wp\/v2\/users\/1"}],"replies":[{"embeddable":true,"href":"https:\/\/www.c2limmo.fr\/index.php\/wp-json\/wp\/v2\/comments?post=520"}],"version-history":[{"count":8,"href":"https:\/\/www.c2limmo.fr\/index.php\/wp-json\/wp\/v2\/pages\/520\/revisions"}],"predecessor-version":[{"id":853,"href":"https:\/\/www.c2limmo.fr\/index.php\/wp-json\/wp\/v2\/pages\/520\/revisions\/853"}],"wp:attachment":[{"href":"https:\/\/www.c2limmo.fr\/index.php\/wp-json\/wp\/v2\/media?parent=520"}],"curies":[{"name":"wp","href":"https:\/\/api.w.org\/{rel}","templated":true}]}}